{"id":791,"date":"2025-01-02T14:26:05","date_gmt":"2025-01-02T14:26:05","guid":{"rendered":"https:\/\/led.espinhalnovo.org\/?page_id=791"},"modified":"2025-11-11T12:27:01","modified_gmt":"2025-11-11T12:27:01","slug":"formulario","status":"publish","type":"page","link":"https:\/\/led.espinhalnovo.org\/index.php\/formulario\/","title":{"rendered":"Formul\u00e1rio de Aprendizagem"},"content":{"rendered":"\n<div class=\"wp-block-cover aligncenter\" style=\"margin-top:var(--wp--preset--spacing--50);margin-bottom:var(--wp--preset--spacing--50);padding-top:var(--wp--preset--spacing--30);padding-right:var(--wp--preset--spacing--20);padding-bottom:var(--wp--preset--spacing--30);padding-left:var(--wp--preset--spacing--20);min-height:344px;aspect-ratio:unset;\"><img loading=\"lazy\" decoding=\"async\" width=\"1197\" height=\"390\" class=\"wp-block-cover__image-background wp-image-792\" alt=\"\" src=\"https:\/\/led.espinhalnovo.org\/wp-content\/uploads\/2025\/01\/stem_1.jpg\" data-object-fit=\"cover\" srcset=\"https:\/\/led.espinhalnovo.org\/wp-content\/uploads\/2025\/01\/stem_1.jpg 1197w, https:\/\/led.espinhalnovo.org\/wp-content\/uploads\/2025\/01\/stem_1-300x98.jpg 300w, https:\/\/led.espinhalnovo.org\/wp-content\/uploads\/2025\/01\/stem_1-1024x334.jpg 1024w, https:\/\/led.espinhalnovo.org\/wp-content\/uploads\/2025\/01\/stem_1-768x250.jpg 768w\" sizes=\"auto, (max-width: 1197px) 100vw, 1197px\" \/><span aria-hidden=\"true\" class=\"wp-block-cover__background has-background-dim-30 has-background-dim\"><\/span><div class=\"wp-block-cover__inner-container is-layout-flow wp-block-cover-is-layout-flow\">\n<p class=\"has-text-align-left has-ast-global-color-4-color has-text-color has-link-color has-large-font-size wp-elements-2ee02cca34da6a3338460d148a6a0ef4\" style=\"border-radius:10px;padding-top:var(--wp--preset--spacing--30);padding-right:var(--wp--preset--spacing--30);padding-bottom:var(--wp--preset--spacing--30);padding-left:var(--wp--preset--spacing--30)\">Cen\u00e1rio de Aprendizagem | Formul\u00e1rio<\/p>\n<\/div><\/div>\n\n\n\n<div style=\"height:16px\" aria-hidden=\"true\" class=\"wp-block-spacer\"><\/div>\n\n\n<style id=\"wpforms-css-vars-root\">\n\t\t\t\t:root {\n\t\t\t\t\t--wpforms-field-border-radius: 3px;\n--wpforms-field-border-style: solid;\n--wpforms-field-border-size: 1px;\n--wpforms-field-background-color: #ffffff;\n--wpforms-field-border-color: rgba( 0, 0, 0, 0.25 );\n--wpforms-field-border-color-spare: rgba( 0, 0, 0, 0.25 );\n--wpforms-field-text-color: rgba( 0, 0, 0, 0.7 );\n--wpforms-field-menu-color: #ffffff;\n--wpforms-label-color: rgba( 0, 0, 0, 0.85 );\n--wpforms-label-sublabel-color: rgba( 0, 0, 0, 0.55 );\n--wpforms-label-error-color: #d63637;\n--wpforms-button-border-radius: 3px;\n--wpforms-button-border-style: none;\n--wpforms-button-border-size: 1px;\n--wpforms-button-background-color: #066aab;\n--wpforms-button-border-color: #066aab;\n--wpforms-button-text-color: #ffffff;\n--wpforms-page-break-color: #066aab;\n--wpforms-background-image: none;\n--wpforms-background-position: center center;\n--wpforms-background-repeat: no-repeat;\n--wpforms-background-size: cover;\n--wpforms-background-width: 100px;\n--wpforms-background-height: 100px;\n--wpforms-background-color: rgba( 0, 0, 0, 0 );\n--wpforms-background-url: none;\n--wpforms-container-padding: 0px;\n--wpforms-container-border-style: none;\n--wpforms-container-border-width: 1px;\n--wpforms-container-border-color: #000000;\n--wpforms-container-border-radius: 3px;\n--wpforms-field-size-input-height: 43px;\n--wpforms-field-size-input-spacing: 15px;\n--wpforms-field-size-font-size: 16px;\n--wpforms-field-size-line-height: 19px;\n--wpforms-field-size-padding-h: 14px;\n--wpforms-field-size-checkbox-size: 16px;\n--wpforms-field-size-sublabel-spacing: 5px;\n--wpforms-field-size-icon-size: 1;\n--wpforms-label-size-font-size: 16px;\n--wpforms-label-size-line-height: 19px;\n--wpforms-label-size-sublabel-font-size: 14px;\n--wpforms-label-size-sublabel-line-height: 17px;\n--wpforms-button-size-font-size: 17px;\n--wpforms-button-size-height: 41px;\n--wpforms-button-size-padding-h: 15px;\n--wpforms-button-size-margin-top: 10px;\n--wpforms-container-shadow-size-box-shadow: none;\n\n\t\t\t\t}\n\t\t\t<\/style><style id=\"wpforms-css-vars-536-block-8f6f25a6-3151-4a9f-a405-9218d1ba8022\">\n\t\t\t\t#wpforms-536.wpforms-block-8f6f25a6-3151-4a9f-a405-9218d1ba8022 {\n\t\t\t\t\t--wpforms-label-color: var(--ast-global-color-0);\n--wpforms-label-sublabel-color: #6A6A6A;\n--wpforms-label-error-color: #D80F0F;\n--wpforms-page-break-color: #3961FF;\n--wpforms-field-border-radius: 6px;\n--wpforms-field-border-color: #D2D2D2;\n--wpforms-field-border-color-spare: #D2D2D2;\n--wpforms-field-text-color: #6A6A6A;\n--wpforms-field-menu-color: rgba( 0, 0, 0, 0 );\n--wpforms-container-padding: 40px;\n--wpforms-container-border-style: solid;\n--wpforms-container-border-width: 10px;\n--wpforms-container-border-color: #ffffff;\n--wpforms-container-border-radius: 12px;\n--wpforms-button-border-radius: 6px;\n--wpforms-button-background-color: var(--ast-global-color-alternate-background);\n--wpforms-button-text-color: #000000;\n--wpforms-button-border-color: #3961FF;\n--wpforms-background-image: stock;\n--wpforms-background-position: bottom center;\n--wpforms-background-color: #f8f8f8;\n--wpforms-field-size-input-height: 43px;\n--wpforms-field-size-input-spacing: 15px;\n--wpforms-field-size-font-size: 16px;\n--wpforms-field-size-line-height: 19px;\n--wpforms-field-size-padding-h: 14px;\n--wpforms-field-size-checkbox-size: 16px;\n--wpforms-field-size-sublabel-spacing: 5px;\n--wpforms-field-size-icon-size: 1;\n--wpforms-label-size-font-size: 16px;\n--wpforms-label-size-line-height: 19px;\n--wpforms-label-size-sublabel-font-size: 14px;\n--wpforms-label-size-sublabel-line-height: 17px;\n--wpforms-button-size-font-size: 17px;\n--wpforms-button-size-height: 41px;\n--wpforms-button-size-padding-h: 15px;\n--wpforms-button-size-margin-top: 10px;\n--wpforms-container-shadow-size-box-shadow: 0px 30px 50px -10px rgba(0, 0, 0, 0.15);\n\n\t\t\t\t}\n\t\t\t<\/style><div class=\"wpforms-container wpforms-container-full wpforms-block wpforms-block-8f6f25a6-3151-4a9f-a405-9218d1ba8022 wpforms-render-modern\" id=\"wpforms-536\"><form id=\"wpforms-form-536\" class=\"wpforms-validate wpforms-form\" data-formid=\"536\" method=\"post\" enctype=\"multipart\/form-data\" action=\"\/index.php\/wp-json\/wp\/v2\/pages\/791?wpforms_form_id=536\" data-token=\"1e6a9f6978f1aec2b35072ff8bb7f14a\" data-token-time=\"1777557617\"><noscript class=\"wpforms-error-noscript\">Please enable JavaScript in your browser to complete this form.<\/noscript><div class=\"wpforms-hidden\" id=\"wpforms-error-noscript\">Please enable JavaScript in your browser to complete this form.<\/div><div class=\"wpforms-field-container\"><div id=\"wpforms-536-field_15-container\" class=\"wpforms-field wpforms-field-name\" data-field-id=\"15\"><label class=\"wpforms-field-label\" for=\"wpforms-536-field_15\">Nome do(a) Proponente <span class=\"wpforms-required-label\" aria-hidden=\"true\">*<\/span><\/label><input type=\"text\" id=\"wpforms-536-field_15\" class=\"wpforms-field-medium wpforms-field-required\" name=\"wpforms[fields][15]\" aria-errormessage=\"wpforms-536-field_15-error\" required><\/div><div id=\"wpforms-536-field_16-container\" class=\"wpforms-field wpforms-field-email\" data-field-id=\"16\"><label class=\"wpforms-field-label\" for=\"wpforms-536-field_16\">Email <span class=\"wpforms-required-label\" aria-hidden=\"true\">*<\/span><\/label><input type=\"email\" id=\"wpforms-536-field_16\" class=\"wpforms-field-medium wpforms-field-required\" name=\"wpforms[fields][16]\" spellcheck=\"false\" aria-errormessage=\"wpforms-536-field_16-error\" required><\/div><div id=\"wpforms-536-field_0-container\" class=\"wpforms-field wpforms-field-text\" data-field-id=\"0\"><label class=\"wpforms-field-label\" for=\"wpforms-536-field_0\">T\u00edtulo <span class=\"wpforms-required-label\" aria-hidden=\"true\">*<\/span><\/label><input type=\"text\" id=\"wpforms-536-field_0\" class=\"wpforms-field-medium wpforms-field-required\" name=\"wpforms[fields][0]\" aria-errormessage=\"wpforms-536-field_0-error\" required><\/div><div id=\"wpforms-536-field_1-container\" class=\"wpforms-field wpforms-field-textarea\" data-field-id=\"1\"><label class=\"wpforms-field-label\" for=\"wpforms-536-field_1\">Breve Descri\u00e7\u00e3o <span class=\"wpforms-required-label\" aria-hidden=\"true\">*<\/span><\/label><textarea id=\"wpforms-536-field_1\" class=\"wpforms-field-small wpforms-field-required\" name=\"wpforms[fields][1]\" aria-errormessage=\"wpforms-536-field_1-error\" required><\/textarea><\/div><div id=\"wpforms-536-field_2-container\" class=\"wpforms-field wpforms-field-textarea\" data-field-id=\"2\"><label class=\"wpforms-field-label\" for=\"wpforms-536-field_2\">Disciplina | \u00c1rea de Conte\u00fado | Dom\u00ednio <span class=\"wpforms-required-label\" aria-hidden=\"true\">*<\/span><\/label><textarea id=\"wpforms-536-field_2\" class=\"wpforms-field-small wpforms-field-required\" name=\"wpforms[fields][2]\" aria-errormessage=\"wpforms-536-field_2-error\" required><\/textarea><\/div><div id=\"wpforms-536-field_3-container\" class=\"wpforms-field wpforms-field-checkbox wpforms-list-3-columns\" data-field-id=\"3\"><fieldset><legend class=\"wpforms-field-label\">Ano de Escolaridade <span class=\"wpforms-required-label\" aria-hidden=\"true\">*<\/span><\/legend><ul id=\"wpforms-536-field_3\" class=\"wpforms-field-required\" data-choice-limit=\"2\"><li class=\"choice-1 depth-1\"><input type=\"checkbox\" id=\"wpforms-536-field_3_1\" data-rule-check-limit=\"true\" name=\"wpforms[fields][3][]\" value=\"7\u00ba Ano\" aria-errormessage=\"wpforms-536-field_3_1-error\" required ><label class=\"wpforms-field-label-inline\" for=\"wpforms-536-field_3_1\">7\u00ba Ano<\/label><\/li><li class=\"choice-2 depth-1\"><input type=\"checkbox\" id=\"wpforms-536-field_3_2\" data-rule-check-limit=\"true\" name=\"wpforms[fields][3][]\" value=\"8\u00ba Ano\" aria-errormessage=\"wpforms-536-field_3_2-error\" required ><label class=\"wpforms-field-label-inline\" for=\"wpforms-536-field_3_2\">8\u00ba Ano<\/label><\/li><li class=\"choice-3 depth-1\"><input type=\"checkbox\" id=\"wpforms-536-field_3_3\" data-rule-check-limit=\"true\" name=\"wpforms[fields][3][]\" value=\"9\u00ba Ano\" aria-errormessage=\"wpforms-536-field_3_3-error\" required ><label class=\"wpforms-field-label-inline\" for=\"wpforms-536-field_3_3\">9\u00ba Ano<\/label><\/li><li class=\"choice-4 depth-1\"><input type=\"checkbox\" id=\"wpforms-536-field_3_4\" data-rule-check-limit=\"true\" name=\"wpforms[fields][3][]\" value=\"10\u00ba Ano\" aria-errormessage=\"wpforms-536-field_3_4-error\" required ><label class=\"wpforms-field-label-inline\" for=\"wpforms-536-field_3_4\">10\u00ba Ano<\/label><\/li><li class=\"choice-5 depth-1\"><input type=\"checkbox\" id=\"wpforms-536-field_3_5\" data-rule-check-limit=\"true\" name=\"wpforms[fields][3][]\" value=\"11\u00ba Ano\" aria-errormessage=\"wpforms-536-field_3_5-error\" required ><label class=\"wpforms-field-label-inline\" for=\"wpforms-536-field_3_5\">11\u00ba Ano<\/label><\/li><li class=\"choice-6 depth-1\"><input type=\"checkbox\" id=\"wpforms-536-field_3_6\" data-rule-check-limit=\"true\" name=\"wpforms[fields][3][]\" value=\"12\u00ba Ano\" aria-errormessage=\"wpforms-536-field_3_6-error\" required ><label class=\"wpforms-field-label-inline\" for=\"wpforms-536-field_3_6\">12\u00ba Ano<\/label><\/li><\/ul><\/fieldset><\/div><div id=\"wpforms-536-field_4-container\" class=\"wpforms-field wpforms-field-checkbox wpforms-list-inline\" data-field-id=\"4\"><fieldset><legend class=\"wpforms-field-label\">N\u00edvel de Dificuldade <span class=\"wpforms-required-label\" aria-hidden=\"true\">*<\/span><\/legend><ul id=\"wpforms-536-field_4\" class=\"wpforms-field-required wpforms-image-choices wpforms-image-choices-classic\" data-choice-limit=\"1\"><li class=\"choice-1 depth-1 wpforms-image-choices-item\"><label class=\"wpforms-field-label-inline\" for=\"wpforms-536-field_4_1\" tabindex=\"0\"><span class=\"wpforms-image-choices-image\"><img decoding=\"async\" src=\"https:\/\/led.espinhalnovo.org\/wp-content\/uploads\/2025\/01\/risk1-removebg-preview.png\" alt=\"Inicial\" title=\"Inicial\"><\/span><input type=\"checkbox\" id=\"wpforms-536-field_4_1\" class=\"wpforms-screen-reader-element\" data-rule-check-limit=\"true\" name=\"wpforms[fields][4][]\" value=\"Inicial\" aria-errormessage=\"wpforms-536-field_4_1-error\" tabindex=\"-1\" required ><span class=\"wpforms-image-choices-label\">Inicial<\/span><\/label><\/li><li class=\"choice-2 depth-1 wpforms-image-choices-item\"><label class=\"wpforms-field-label-inline\" for=\"wpforms-536-field_4_2\" tabindex=\"0\"><span class=\"wpforms-image-choices-image\"><img decoding=\"async\" src=\"https:\/\/led.espinhalnovo.org\/wp-content\/uploads\/2025\/01\/risk_2-removebg-preview.png\" alt=\"Interm\u00e9dio\" title=\"Interm\u00e9dio\"><\/span><input type=\"checkbox\" id=\"wpforms-536-field_4_2\" class=\"wpforms-screen-reader-element\" data-rule-check-limit=\"true\" name=\"wpforms[fields][4][]\" value=\"Interm\u00e9dio\" aria-errormessage=\"wpforms-536-field_4_2-error\" tabindex=\"-1\" required ><span class=\"wpforms-image-choices-label\">Interm\u00e9dio<\/span><\/label><\/li><li class=\"choice-3 depth-1 wpforms-image-choices-item\"><label class=\"wpforms-field-label-inline\" for=\"wpforms-536-field_4_3\" tabindex=\"0\"><span class=\"wpforms-image-choices-image\"><img decoding=\"async\" src=\"https:\/\/led.espinhalnovo.org\/wp-content\/uploads\/2025\/01\/risk_3-removebg-preview.png\" alt=\"Avan\u00e7ado\" title=\"Avan\u00e7ado\"><\/span><input type=\"checkbox\" id=\"wpforms-536-field_4_3\" class=\"wpforms-screen-reader-element\" data-rule-check-limit=\"true\" name=\"wpforms[fields][4][]\" value=\"Avan\u00e7ado\" aria-errormessage=\"wpforms-536-field_4_3-error\" tabindex=\"-1\" required ><span class=\"wpforms-image-choices-label\">Avan\u00e7ado<\/span><\/label><\/li><\/ul><\/fieldset><\/div><div id=\"wpforms-536-field_5-container\" class=\"wpforms-field wpforms-field-number\" data-field-id=\"5\"><label class=\"wpforms-field-label\" for=\"wpforms-536-field_5\">Dura\u00e7\u00e3o da Aprendizagem <span class=\"wpforms-required-label\" aria-hidden=\"true\">*<\/span><\/label><input type=\"number\" id=\"wpforms-536-field_5\" class=\"wpforms-field-medium wpforms-field-required\" name=\"wpforms[fields][5]\" placeholder=\"Valor expresso em horas\" aria-errormessage=\"wpforms-536-field_5-error\" required><\/div><div id=\"wpforms-536-field_20-container\" class=\"wpforms-field wpforms-field-select wpforms-field-select-style-modern\" data-field-id=\"20\"><label class=\"wpforms-field-label\" for=\"wpforms-536-field_20\">Recurso LED a Utilizar <span class=\"wpforms-required-label\" aria-hidden=\"true\">*<\/span><\/label><select id=\"wpforms-536-field_20\" class=\"wpforms-field-medium wpforms-field-required choicesjs-select\" data-size-class=\"wpforms-field-row wpforms-field-medium\" data-search-enabled=\"1\" name=\"wpforms[fields][20][]\" required=\"required\" multiple=\"multiple\"><option value=\"\" class=\"placeholder\" disabled >Poder\u00e1 selecionar mais do que um recurso<\/option><option value=\"C\u00e2mara de v\u00eddeo\" >C\u00e2mara de v\u00eddeo<\/option><option value=\"Computador port\u00e1til\" >Computador port\u00e1til<\/option><option value=\"Gravador de \u00c1udio port\u00e1til\" >Gravador de \u00c1udio port\u00e1til<\/option><option value=\"Impressora 3D Modular\" >Impressora 3D Modular<\/option><option value=\"kit A - de inicia\u00e7\u00e3o \u00e0 eletr\u00f3nica\" >kit A &#8211; de inicia\u00e7\u00e3o \u00e0 eletr\u00f3nica<\/option><option value=\"Kit A 37 - inicia\u00e7\u00e3o \u00e0 eletr\u00f3nica (sensores e atuadores)\" >Kit A 37 &#8211; inicia\u00e7\u00e3o \u00e0 eletr\u00f3nica (sensores e atuadores)<\/option><option value=\"Kit B - desenvolvimento e inicia\u00e7\u00e3o \u00e0 eletr\u00f3nica (Arduino UNO Rev3 Compat\u00edvel)\" >Kit B &#8211; desenvolvimento e inicia\u00e7\u00e3o \u00e0 eletr\u00f3nica (Arduino UNO Rev3 Compat\u00edvel)<\/option><option value=\"Kit B 37 - desenvolvimento e inicia\u00e7\u00e3o \u00e0 eletr\u00f3nica (Arduino e Raspberry PI)\" >Kit B 37 &#8211; desenvolvimento e inicia\u00e7\u00e3o \u00e0 eletr\u00f3nica (Arduino e Raspberry PI)<\/option><option value=\"Kit base de educa\u00e7\u00e3o para aprendizagem STEM - Ensino B\u00e1sico\" >Kit base de educa\u00e7\u00e3o para aprendizagem STEM &#8211; Ensino B\u00e1sico<\/option><option value=\"Kit C - dom\u00f3tica educacional para Arduino ou compat\u00edvel\" >Kit C &#8211; dom\u00f3tica educacional para Arduino ou compat\u00edvel<\/option><option value=\"KIT com \u201cLaunchPad Board\u201d ou compat\u00edvel\" >KIT com \u201cLaunchPad Board\u201d ou compat\u00edvel<\/option><option value=\"Kit com robot motorizado (similar ou compat\u00edvel)\" >Kit com robot motorizado (similar ou compat\u00edvel)<\/option><option value=\"kit de expans\u00e3o ao Kit base de educa\u00e7\u00e3o para aprendizagem STEM - Ensino B\u00e1sico\" >kit de expans\u00e3o ao Kit base de educa\u00e7\u00e3o para aprendizagem STEM &#8211; Ensino B\u00e1sico<\/option><option value=\"Kit Robot Explorer com Display\" >Kit Robot Explorer com Display<\/option><option value=\"Laborat\u00f3rio Energias Renov\u00e1veis\" >Laborat\u00f3rio Energias Renov\u00e1veis<\/option><option value=\"M\u00e1quina Fotogr\u00e1fica Bridge\" >M\u00e1quina Fotogr\u00e1fica Bridge<\/option><option value=\"Mesa de mistura de \u00e1udio com 2 colunas\" >Mesa de mistura de \u00e1udio com 2 colunas<\/option><option value=\"Mesa de mistura de v\u00eddeo multi-formato\" >Mesa de mistura de v\u00eddeo multi-formato<\/option><option value=\"Mesa Digitalizadora com Caneta 4K, Bluetooth, Preto\" >Mesa Digitalizadora com Caneta 4K, Bluetooth, Preto<\/option><option value=\"Microfone com fios e trip\u00e9 de suporte\" >Microfone com fios e trip\u00e9 de suporte<\/option><option value=\"Microfone para c\u00e2mara fotogr\u00e1fica (externo)\" >Microfone para c\u00e2mara fotogr\u00e1fica (externo)<\/option><option value=\"Microfone sem fios de lapela\" >Microfone sem fios de lapela<\/option><option value=\"Microsc\u00f3pio did\u00e1tico de laborat\u00f3rio\" >Microsc\u00f3pio did\u00e1tico de laborat\u00f3rio<\/option><option value=\"M\u00f3dulo sensor de dete\u00e7\u00e3o de Cor\" >M\u00f3dulo sensor de dete\u00e7\u00e3o de Cor<\/option><option value=\"M\u00f3dulo sensor de dete\u00e7\u00e3o de G\u00e1s (MQ-2)\" >M\u00f3dulo sensor de dete\u00e7\u00e3o de G\u00e1s (MQ-2)<\/option><option value=\"M\u00f3dulo sensor de dete\u00e7\u00e3o de Som\" >M\u00f3dulo sensor de dete\u00e7\u00e3o de Som<\/option><option value=\"M\u00f3dulo sensor de dete\u00e7\u00e3o de Temperatura e humidade\" >M\u00f3dulo sensor de dete\u00e7\u00e3o de Temperatura e humidade<\/option><option value=\"Placa de desenvolvimento Interface LCD para Arduino UNO Rev3 compat\u00edve\" >Placa de desenvolvimento Interface LCD para Arduino UNO Rev3 compat\u00edve<\/option><option value=\"Placa de expans\u00e3o multifun\u00e7\u00f5es compat\u00edvel com Arduino\" >Placa de expans\u00e3o multifun\u00e7\u00f5es compat\u00edvel com Arduino<\/option><option value=\"Sensor de dete\u00e7\u00e3o de luz ambiente\" >Sensor de dete\u00e7\u00e3o de luz ambiente<\/option><option value=\"Sensor de dete\u00e7\u00e3o de movimento\" >Sensor de dete\u00e7\u00e3o de movimento<\/option><option value=\"Sensor de dete\u00e7\u00e3o de Temperatura, \u00e0 prova de \u00e1gua (Submerg\u00edvel)\" >Sensor de dete\u00e7\u00e3o de Temperatura, \u00e0 prova de \u00e1gua (Submerg\u00edvel)<\/option><\/select><\/div><div id=\"wpforms-536-field_8-container\" class=\"wpforms-field wpforms-field-textarea\" data-field-id=\"8\"><label class=\"wpforms-field-label\" for=\"wpforms-536-field_8\">Outros Recursos<\/label><textarea id=\"wpforms-536-field_8\" class=\"wpforms-field-small\" name=\"wpforms[fields][8]\" aria-errormessage=\"wpforms-536-field_8-error\" ><\/textarea><\/div><div id=\"wpforms-536-field_9-container\" class=\"wpforms-field wpforms-field-textarea\" data-field-id=\"9\"><label class=\"wpforms-field-label\" for=\"wpforms-536-field_9\">Aprendizagens Essenciais <span class=\"wpforms-required-label\" aria-hidden=\"true\">*<\/span><\/label><textarea id=\"wpforms-536-field_9\" class=\"wpforms-field-small wpforms-field-required\" name=\"wpforms[fields][9]\" aria-errormessage=\"wpforms-536-field_9-error\" required><\/textarea><\/div><div id=\"wpforms-536-field_11-container\" class=\"wpforms-field wpforms-field-textarea\" data-field-id=\"11\"><label class=\"wpforms-field-label\" for=\"wpforms-536-field_11\">Objetivos da Aprendizagem<\/label><textarea id=\"wpforms-536-field_11\" class=\"wpforms-field-small\" name=\"wpforms[fields][11]\" aria-errormessage=\"wpforms-536-field_11-error\" ><\/textarea><\/div><div id=\"wpforms-536-field_12-container\" class=\"wpforms-field wpforms-field-textarea wpforms-conditional-trigger\" data-field-id=\"12\"><label class=\"wpforms-field-label\" for=\"wpforms-536-field_12\">Resultado\/Produto da Aprendizagem<\/label><textarea id=\"wpforms-536-field_12\" class=\"wpforms-field-small\" name=\"wpforms[fields][12]\" aria-errormessage=\"wpforms-536-field_12-error\" ><\/textarea><\/div><div id=\"wpforms-536-field_13-container\" class=\"wpforms-field wpforms-field-file-upload wpforms-conditional-field wpforms-conditional-show\" data-field-id=\"13\" style=\"display:none;\"><label class=\"wpforms-field-label\" for=\"wpforms-536-field_13\">File Upload<\/label><div\n\t\tclass=\"wpforms-uploader\"\n\t\tdata-field-id=\"13\"\n\t\tdata-form-id=\"536\"\n\t\tdata-input-name=\"wpforms_536_13\"\n\t\tdata-extensions=\"pdf,jpg,mp3\"\n\t\tdata-max-size=\"10485760\"\n\t\tdata-max-file-number=\"4\"\n\t\tdata-post-max-size=\"536870912\"\n\t\tdata-max-parallel-uploads=\"4\"\n\t\tdata-parallel-uploads=\"true\"\n\t\tdata-file-chunk-size=\"2097152\">\n\t<div class=\"dz-message\">\n\t\t<svg viewBox=\"0 0 1024 1024\" focusable=\"false\" data-icon=\"inbox\" width=\"50px\" height=\"50px\" fill=\"currentColor\" aria-hidden=\"true\">\n\t\t\t<path d=\"M885.2 446.3l-.2-.8-112.2-285.1c-5-16.1-19.9-27.2-36.8-27.2H281.2c-17 0-32.1 11.3-36.9 27.6L139.4 443l-.3.7-.2.8c-1.3 4.9-1.7 9.9-1 14.8-.1 1.6-.2 3.2-.2 4.8V830a60.9 60.9 0 0 0 60.8 60.8h627.2c33.5 0 60.8-27.3 60.9-60.8V464.1c0-1.3 0-2.6-.1-3.7.4-4.9 0-9.6-1.3-14.1zm-295.8-43l-.3 15.7c-.8 44.9-31.8 75.1-77.1 75.1-22.1 0-41.1-7.1-54.8-20.6S436 441.2 435.6 419l-.3-15.7H229.5L309 210h399.2l81.7 193.3H589.4zm-375 76.8h157.3c24.3 57.1 76 90.8 140.4 90.8 33.7 0 65-9.4 90.3-27.2 22.2-15.6 39.5-37.4 50.7-63.6h156.5V814H214.4V480.1z\"><\/path>\n\t\t<\/svg>\n\t\t<span class=\"modern-title\">Click or drag files to this area to upload.<\/span>\n\n\t\t\t\t\t<span class=\"modern-hint\">You can upload up to 4 files.<\/span>\n\t\t\t<\/div>\n<\/div>\n<input\n\t\ttype=\"text\"\n\t\tautocomplete=\"off\"\n\t\treadonly\n\t\tclass=\"dropzone-input\"\n\t\tstyle=\"position:absolute!important;clip:rect(0,0,0,0)!important;height:1px!important;width:1px!important;border:0!important;overflow:hidden!important;padding:0!important;margin:0!important;\"\n\t\tid=\"wpforms-536-field_13\"\n\t\tname=\"wpforms_536_13\" \t\tvalue=\"\">\n<\/div><\/div><!-- .wpforms-field-container --><div class=\"wpforms-submit-container\" ><input type=\"hidden\" name=\"wpforms[id]\" value=\"536\"><input type=\"hidden\" name=\"page_title\" value=\"\"><input type=\"hidden\" name=\"page_url\" value=\"https:\/\/led.espinhalnovo.org\/index.php\/wp-json\/wp\/v2\/pages\/791\"><button type=\"submit\" name=\"wpforms[submit]\" id=\"wpforms-submit-536\" class=\"wpforms-submit\" aria-live=\"assertive\" value=\"wpforms-submit\">Submeter<\/button><\/div><\/form><\/div>  <!-- .wpforms-container -->","protected":false},"excerpt":{"rendered":"","protected":false},"author":1,"featured_media":0,"parent":0,"menu_order":0,"comment_status":"closed","ping_status":"closed","template":"","meta":{"site-sidebar-layout":"default","site-content-layout":"","ast-site-content-layout":"","site-content-style":"default","site-sidebar-style":"default","ast-global-header-display":"","ast-banner-title-visibility":"","ast-main-header-display":"","ast-hfb-above-header-display":"","ast-hfb-below-header-display":"","ast-hfb-mobile-header-display":"","site-post-title":"disabled","ast-breadcrumbs-content":"","ast-featured-img":"","footer-sml-layout":"","ast-disable-related-posts":"","theme-transparent-header-meta":"","adv-header-id-meta":"","stick-header-meta":"","header-above-stick-meta":"","header-main-stick-meta":"","header-below-stick-meta":"","astra-migrate-meta-layouts":"default","ast-page-background-enabled":"default","ast-page-background-meta":{"desktop":{"background-color":"var(--ast-global-color-4)","background-image":"","background-repeat":"repeat","background-position":"center center","background-size":"auto","background-attachment":"scroll","background-type":"","background-media":"","overlay-type":"","overlay-color":"","overlay-opacity":"","overlay-gradient":""},"tablet":{"background-color":"","background-image":"","background-repeat":"repeat","background-position":"center center","background-size":"auto","background-attachment":"scroll","background-type":"","background-media":"","overlay-type":"","overlay-color":"","overlay-opacity":"","overlay-gradient":""},"mobile":{"background-color":"","background-image":"","background-repeat":"repeat","background-position":"center center","background-size":"auto","background-attachment":"scroll","background-type":"","background-media":"","overlay-type":"","overlay-color":"","overlay-opacity":"","overlay-gradient":""}},"ast-content-background-meta":{"desktop":{"background-color":"var(--ast-global-color-5)","background-image":"","background-repeat":"repeat","background-position":"center center","background-size":"auto","background-attachment":"scroll","background-type":"","background-media":"","overlay-type":"","overlay-color":"","overlay-opacity":"","overlay-gradient":""},"tablet":{"background-color":"var(--ast-global-color-5)","background-image":"","background-repeat":"repeat","background-position":"center center","background-size":"auto","background-attachment":"scroll","background-type":"","background-media":"","overlay-type":"","overlay-color":"","overlay-opacity":"","overlay-gradient":""},"mobile":{"background-color":"var(--ast-global-color-5)","background-image":"","background-repeat":"repeat","background-position":"center center","background-size":"auto","background-attachment":"scroll","background-type":"","background-media":"","overlay-type":"","overlay-color":"","overlay-opacity":"","overlay-gradient":""}},"footnotes":""},"class_list":["post-791","page","type-page","status-publish","hentry"],"_links":{"self":[{"href":"https:\/\/led.espinhalnovo.org\/index.php\/wp-json\/wp\/v2\/pages\/791","targetHints":{"allow":["GET"]}}],"collection":[{"href":"https:\/\/led.espinhalnovo.org\/index.php\/wp-json\/wp\/v2\/pages"}],"about":[{"href":"https:\/\/led.espinhalnovo.org\/index.php\/wp-json\/wp\/v2\/types\/page"}],"author":[{"embeddable":true,"href":"https:\/\/led.espinhalnovo.org\/index.php\/wp-json\/wp\/v2\/users\/1"}],"replies":[{"embeddable":true,"href":"https:\/\/led.espinhalnovo.org\/index.php\/wp-json\/wp\/v2\/comments?post=791"}],"version-history":[{"count":2,"href":"https:\/\/led.espinhalnovo.org\/index.php\/wp-json\/wp\/v2\/pages\/791\/revisions"}],"predecessor-version":[{"id":1084,"href":"https:\/\/led.espinhalnovo.org\/index.php\/wp-json\/wp\/v2\/pages\/791\/revisions\/1084"}],"wp:attachment":[{"href":"https:\/\/led.espinhalnovo.org\/index.php\/wp-json\/wp\/v2\/media?parent=791"}],"curies":[{"name":"wp","href":"https:\/\/api.w.org\/{rel}","templated":true}]}}