{"id":8,"date":"2024-08-03T21:21:19","date_gmt":"2024-08-03T21:21:19","guid":{"rendered":"https:\/\/led.espinhalnovo.org\/?page_id=8"},"modified":"2025-11-11T12:14:46","modified_gmt":"2025-11-11T12:14:46","slug":"home","status":"publish","type":"page","link":"https:\/\/led.espinhalnovo.org\/","title":{"rendered":"Home"},"content":{"rendered":"\n<div class=\"wp-block-cover alignfull is-light\" style=\"min-height:651px;aspect-ratio:unset;\"><span aria-hidden=\"true\" class=\"wp-block-cover__background has-background-dim-100 has-background-dim has-background-gradient\" style=\"background:linear-gradient(35deg,rgb(6,0,151) 0%,rgb(130,4,255) 73%,rgb(193,15,255) 100%)\"><\/span><div class=\"wp-block-cover__inner-container is-layout-flow wp-block-cover-is-layout-flow\">\n<div class=\"inherit-container-width wp-block-group alignwide is-layout-constrained wp-block-group-is-layout-constrained\">\n<div class=\"wp-block-media-text alignwide has-media-on-the-right is-stacked-on-mobile is-vertically-aligned-center\" style=\"grid-template-columns:auto 53%\"><div class=\"wp-block-media-text__content\">\n<h1 class=\"wp-block-heading has-text-align-left has-white-color has-text-color\">Transforma as tuas IDEIAS! <\/h1>\n\n\n\n<p class=\"has-text-align-left has-ast-global-color-5-color has-text-color has-link-color has-medium-font-size wp-elements-b6addb652b3f8b788119fa1fce94dd38\" style=\"padding-top:var(--wp--preset--spacing--30);padding-right:var(--wp--preset--spacing--30);padding-bottom:var(--wp--preset--spacing--30);padding-left:var(--wp--preset--spacing--30);line-height:2.5\"><strong>A inova\u00e7\u00e3o depende da mudan\u00e7a<\/strong><br><strong>Integra\u00e7\u00e3o transversal das TECNOLOGIAS no CURR\u00cdCULO<\/strong><\/p>\n\n\n\n<div class=\"wp-block-buttons is-layout-flex wp-block-buttons-is-layout-flex\" id=\"reservaespa\u00e7os\">\n<div class=\"wp-block-button\"><a class=\"wp-block-button__link wp-element-button\" href=\"#reservas\" style=\"border-radius:11px\">Reserva de Espa\u00e7os<\/a><\/div>\n<\/div>\n<\/div><figure class=\"wp-block-media-text__media\"><img loading=\"lazy\" decoding=\"async\" width=\"869\" height=\"503\" src=\"https:\/\/led.espinhalnovo.org\/wp-content\/uploads\/2024\/08\/home.jpg\" alt=\"\" class=\"wp-image-31 size-full\" srcset=\"https:\/\/led.espinhalnovo.org\/wp-content\/uploads\/2024\/08\/home.jpg 869w, https:\/\/led.espinhalnovo.org\/wp-content\/uploads\/2024\/08\/home-300x174.jpg 300w, https:\/\/led.espinhalnovo.org\/wp-content\/uploads\/2024\/08\/home-768x445.jpg 768w\" sizes=\"auto, (max-width: 869px) 100vw, 869px\" \/><\/figure><\/div>\n<\/div>\n<\/div><\/div>\n\n\n\n<div class=\"wp-block-group alignfull has-ast-global-color-5-background-color has-background is-layout-constrained wp-container-core-group-is-layout-d7622491 wp-block-group-is-layout-constrained\" id=\"labdigital\" style=\"padding-top:30px;padding-bottom:30px\">\n<h2 class=\"wp-block-heading\" id=\"labdigital\" style=\"padding-right:40px;line-height:1.9\">Laborat\u00f3rio de Educa\u00e7\u00e3o Digital<\/h2>\n\n\n\n<div class=\"wp-block-media-text has-media-on-the-right is-stacked-on-mobile is-vertically-aligned-center is-image-fill-element\" id=\"led\"><div class=\"wp-block-media-text__content\">\n<div class=\"inherit-container-width wp-block-group is-layout-constrained wp-container-core-group-is-layout-47ce07ec wp-block-group-is-layout-constrained\" style=\"padding-right:80px\">\n<p>Os Laborat\u00f3rios de Educa\u00e7\u00e3o Digital (LED), instalados na ESPN, est\u00e3o dotados de equipamentos especializados que visam potenciar <strong>experi\u00eancias educativas ao n\u00edvel da programa\u00e7\u00e3o<\/strong>, do <strong>ensino da rob\u00f3tica<\/strong>, da disciplina de <strong>Tecnologias de Informa\u00e7\u00e3o e Comunica\u00e7\u00e3o<\/strong> e outras disciplinas, nomeadamente nas \u00e1reas <strong>STEM<\/strong>, nas \u00e1reas disciplinares de F\u00edsico-Qu\u00edmica, Biologia e Matem\u00e1tica, ou outras.<\/p>\n\n\n\n<p>Os LED s\u00e3o tamb\u00e9m essenciais para cumprir o objetivo da integra\u00e7\u00e3o transversal das tecnologias no curr\u00edculo e podem, igualmente, servir de suporte e alojar Clubes Maker, de Computa\u00e7\u00e3o Experimental, Rob\u00f3tica e outros.<\/p>\n<\/div>\n<\/div><figure class=\"wp-block-media-text__media\"><img loading=\"lazy\" decoding=\"async\" width=\"550\" height=\"401\" src=\"https:\/\/led.espinhalnovo.org\/wp-content\/uploads\/2025\/05\/led_home_1-1.jpg\" alt=\"\" class=\"wp-image-926 size-full\" style=\"object-position:66% 56%\" srcset=\"https:\/\/led.espinhalnovo.org\/wp-content\/uploads\/2025\/05\/led_home_1-1.jpg 550w, https:\/\/led.espinhalnovo.org\/wp-content\/uploads\/2025\/05\/led_home_1-1-300x219.jpg 300w\" sizes=\"auto, (max-width: 550px) 100vw, 550px\" \/><\/figure><\/div>\n<\/div>\n\n\n\n<div class=\"wp-block-group alignfull is-layout-constrained wp-container-core-group-is-layout-974594a7 wp-block-group-is-layout-constrained\" id=\"tipologias\" style=\"padding-top:30px;padding-bottom:0px\">\n<h2 class=\"wp-block-heading\" id=\"tipologias-led\">\u00c1reas LED<\/h2>\n\n\n\n<div class=\"wp-block-columns is-layout-flex wp-container-core-columns-is-layout-60cbf9bb wp-block-columns-is-layout-flex\" style=\"margin-top:50px\">\n<div class=\"wp-block-column is-layout-flow wp-container-core-column-is-layout-6b73ce23 wp-block-column-is-layout-flow\">\n<figure class=\"wp-block-image size-full\"><img loading=\"lazy\" decoding=\"async\" width=\"480\" height=\"540\" src=\"https:\/\/led.espinhalnovo.org\/wp-content\/uploads\/2024\/08\/led_robotics.jpg\" alt=\"\" class=\"wp-image-48\" srcset=\"https:\/\/led.espinhalnovo.org\/wp-content\/uploads\/2024\/08\/led_robotics.jpg 480w, https:\/\/led.espinhalnovo.org\/wp-content\/uploads\/2024\/08\/led_robotics-267x300.jpg 267w\" sizes=\"auto, (max-width: 480px) 100vw, 480px\" \/><\/figure>\n\n\n\n<h3 class=\"wp-block-heading\" style=\"margin-top:16px\">Programa\u00e7\u00e3o e Rob\u00f3tica<\/h3>\n\n\n\n<p>Componentes que possibilitam o desenvolvimento de projetos associados \u00e0 programa\u00e7\u00e3o e rob\u00f3tica.<\/p>\n\n\n\n<div class=\"wp-block-buttons is-layout-flex wp-block-buttons-is-layout-flex\">\n<div class=\"wp-block-button\"><a class=\"wp-block-button__link wp-element-button\" href=\"https:\/\/led.dge.medu.pt\/area\/programacao-e-robotica\" style=\"border-radius:11px\" target=\"_blank\" rel=\"noreferrer noopener\">Ler mais&#8230;<\/a><\/div>\n<\/div>\n<\/div>\n\n\n\n<div class=\"wp-block-column is-layout-flow wp-container-core-column-is-layout-6b73ce23 wp-block-column-is-layout-flow\">\n<figure class=\"wp-block-image size-full\"><img loading=\"lazy\" decoding=\"async\" width=\"480\" height=\"540\" src=\"https:\/\/led.espinhalnovo.org\/wp-content\/uploads\/2024\/08\/led_stem.jpg\" alt=\"\" class=\"wp-image-49\" srcset=\"https:\/\/led.espinhalnovo.org\/wp-content\/uploads\/2024\/08\/led_stem.jpg 480w, https:\/\/led.espinhalnovo.org\/wp-content\/uploads\/2024\/08\/led_stem-267x300.jpg 267w\" sizes=\"auto, (max-width: 480px) 100vw, 480px\" \/><\/figure>\n\n\n\n<h3 class=\"wp-block-heading\" style=\"margin-top:16px\">STEM<\/h3>\n\n\n\n<p>Estes equipamentos est\u00e3o associados \u00e0s Ci\u00eancias, Tecnologias, Engenharias e Matem\u00e1ticas.<\/p>\n\n\n\n<div class=\"wp-block-buttons is-layout-flex wp-block-buttons-is-layout-flex\">\n<div class=\"wp-block-button\"><a class=\"wp-block-button__link wp-element-button\" href=\"https:\/\/led.dge.medu.pt\/area\/stem\" style=\"border-radius:11px\" target=\"_blank\" rel=\"noreferrer noopener\">Ler mais&#8230;<\/a><\/div>\n<\/div>\n<\/div>\n\n\n\n<div class=\"wp-block-column is-layout-flow wp-container-core-column-is-layout-6b73ce23 wp-block-column-is-layout-flow\">\n<figure class=\"wp-block-image size-full\"><img loading=\"lazy\" decoding=\"async\" width=\"480\" height=\"540\" src=\"https:\/\/led.espinhalnovo.org\/wp-content\/uploads\/2024\/08\/multimedia-1-1.png\" alt=\"\" class=\"wp-image-53\" style=\"object-fit:cover\" srcset=\"https:\/\/led.espinhalnovo.org\/wp-content\/uploads\/2024\/08\/multimedia-1-1.png 480w, https:\/\/led.espinhalnovo.org\/wp-content\/uploads\/2024\/08\/multimedia-1-1-267x300.png 267w\" sizes=\"auto, (max-width: 480px) 100vw, 480px\" \/><\/figure>\n\n\n\n<h3 class=\"wp-block-heading\" style=\"margin-top:16px\">Artes e Multim\u00e9dia<\/h3>\n\n\n\n<p>Desenvolvimento de projetos com componentes de \u00e1udio, v\u00eddeo, tratamento de imagem e desenho digital.<\/p>\n\n\n\n<div class=\"wp-block-buttons is-layout-flex wp-block-buttons-is-layout-flex\">\n<div class=\"wp-block-button\"><a class=\"wp-block-button__link wp-element-button\" href=\"https:\/\/led.dge.medu.pt\/area\/artes-e-multimedia\" style=\"border-radius:11px\" target=\"_blank\" rel=\"noreferrer noopener\">Ler mais&#8230;<\/a><\/div>\n<\/div>\n<\/div>\n<\/div>\n\n\n\n<p><\/p>\n<\/div>\n\n\n\n<div class=\"wp-block-group alignfull has-ast-global-color-8-color has-text-color is-layout-constrained wp-container-core-group-is-layout-ec86cf6c wp-block-group-is-layout-constrained has-background\" id=\"reservas\" style=\"line-height:1.6;background-position:50% 50%;background-size:cover;\">\n<h2 class=\"wp-block-heading alignfull has-text-align-left\">Reserva de Espa\u00e7os<\/h2>\n\n\n\n<p><strong><a href=\"https:\/\/led.espinhalnovo.org\/index.php\/lista-reservas\/\" data-type=\"page\" data-id=\"810\" target=\"_blank\" rel=\"noreferrer noopener\">Consulte a Lista de Reservas<\/a><\/strong><\/p>\n\n\n\n<div class=\"wp-block-bookly-form\"><!--\nPlugin Name: Bookly - Responsive WordPress Appointment Booking and Scheduling Plugin\nPlugin URI: https:\/\/www.booking-wp-plugin.com\/?utm_source=bookly_admin&utm_medium=plugins_page&utm_campaign=plugins_page\nVersion: 27.5-->\n<style type=\"text\/css\">\n    :root {\n        --bookly-main-color: #049146 !important;\n        --bookly-color: #049146 !important;\n    }\n\n        .bookly-form * {font-size: 16px!Important;}\n.bookly-form select {font-size: 14px!Important;}\n.bookly-form input[type=\"text\"] {font-size: 16px!Important;}\n.bookly-progress-tracker .step {background: #ffcd57;}    <\/style><div class=\"bookly-css-root\">\n    <div id=\"bookly-form-container-69f350ac229cc\" class=\"bookly-form\" data-form_id=\"\" aria-live=\"polite\">\n        <div style=\"text-align: center\"><img decoding=\"async\" src=\"https:\/\/led.espinhalnovo.org\/wp-includes\/js\/tinymce\/skins\/lightgray\/img\/loader.gif\" alt=\"Carregando...\"\/><\/div>\n    <\/div>\n<\/div>\n<script type=\"text\/javascript\">\n    (function (win, fn) {\n        var done = false, top = true,\n            doc = win.document,\n            root = doc.documentElement,\n            modern = doc.addEventListener,\n            add = modern ? 'addEventListener' : 'attachEvent',\n            rem = modern ? 'removeEventListener' : 'detachEvent',\n            pre = modern ? '' : 'on',\n            init = function (e) {\n                if (e.type == 'readystatechange') if (doc.readyState != 'complete') return;\n                (e.type == 'load' ? win : doc)[rem](pre + e.type, init, false);\n                if (!done) {\n                    done = true;\n                    fn.call(win, e.type || e);\n                }\n            },\n            poll = function () {\n                try {\n                    root.doScroll('left');\n                } catch (e) {\n                    setTimeout(poll, 50);\n                    return;\n                }\n                init('poll');\n            };\n        if (doc.readyState == 'complete') fn.call(win, 'lazy');\n        else {\n            if (!modern) if (root.doScroll) {\n                try {\n                    top = !win.frameElement;\n                } catch (e) {\n                }\n                if (top) poll();\n            }\n            doc[add](pre + 'DOMContentLoaded', init, false);\n            doc[add](pre + 'readystatechange', init, false);\n            win[add](pre + 'load', init, false);\n        }\n    })(window, function () {\n        window.bookly( {\"form_id\":\"69f350ac229cc\",\"form_data\":{\"skip_service_step\":0,\"hide_service_part1\":0,\"hide_service_part2\":0,\"defaults\":{\"service_id\":0,\"staff_id\":0,\"location_id\":0,\"category_id\":0,\"units\":0,\"date_from\":0,\"time_from\":0,\"time_to\":0}},\"status\":{\"booking\":\"new\"},\"form_token\":null,\"skip_steps\":{\"service_part1\":0,\"service_part2\":0,\"extras\":1,\"time\":0,\"repeat\":1,\"cart\":0},\"errors\":{\"session_error\":\"Erro de sess\\u00e3o.\",\"form_id_error\":\"Erro de ID do formul\\u00e1rio\",\"cart_item_not_available\":\"A hora destacada n\\u00e3o est\\u00e1 mais dispon\\u00edvel. Por favor, escolha outro dia ou hor\\u00e1rio.\",\"pay_locally_not_available\":\"Pagar localmente n\\u00e3o est\\u00e1 dispon\\u00edvel.\",\"invalid_gateway\":\"Gateway inv\\u00e1lido\",\"payment_error\":\"Erro.\",\"incorrect_username_password\":\"Nome de utilizador ou senha incorrectos.\"},\"form_attributes\":{\"hide_categories\":false,\"hide_services\":false,\"hide_staff_members\":true,\"show_number_of_persons\":false,\"hide_service_duration\":true,\"hide_locations\":true,\"hide_quantity\":true,\"hide_date\":false,\"hide_week_days\":false,\"hide_time_range\":false},\"use_client_time_zone\":0,\"defaults\":{\"service_id\":0,\"staff_id\":0,\"location_id\":0,\"category_id\":0},\"datepicker_mode\":\"text-accent\",\"facebook\":{\"enabled\":0,\"appId\":\"\"}} );\n    });\n<\/script><\/div>\n<\/div>\n\n\n\n<div class=\"wp-block-columns has-midnight-gradient-background has-background is-layout-flex wp-container-core-columns-is-layout-fd8b7dd8 wp-block-columns-is-layout-flex\" id=\"contacto\" style=\"margin-top:var(--wp--preset--spacing--20);margin-bottom:var(--wp--preset--spacing--20);padding-top:var(--wp--preset--spacing--40);padding-bottom:var(--wp--preset--spacing--40);line-height:0.3\">\n<div class=\"wp-block-column is-layout-flow wp-block-column-is-layout-flow\" style=\"flex-basis:66.66%\"><style id=\"wpforms-css-vars-root\">\n\t\t\t\t:root {\n\t\t\t\t\t--wpforms-field-border-radius: 3px;\n--wpforms-field-border-style: solid;\n--wpforms-field-border-size: 1px;\n--wpforms-field-background-color: #ffffff;\n--wpforms-field-border-color: rgba( 0, 0, 0, 0.25 );\n--wpforms-field-border-color-spare: rgba( 0, 0, 0, 0.25 );\n--wpforms-field-text-color: rgba( 0, 0, 0, 0.7 );\n--wpforms-field-menu-color: #ffffff;\n--wpforms-label-color: rgba( 0, 0, 0, 0.85 );\n--wpforms-label-sublabel-color: rgba( 0, 0, 0, 0.55 );\n--wpforms-label-error-color: #d63637;\n--wpforms-button-border-radius: 3px;\n--wpforms-button-border-style: none;\n--wpforms-button-border-size: 1px;\n--wpforms-button-background-color: #066aab;\n--wpforms-button-border-color: #066aab;\n--wpforms-button-text-color: #ffffff;\n--wpforms-page-break-color: #066aab;\n--wpforms-background-image: none;\n--wpforms-background-position: center center;\n--wpforms-background-repeat: no-repeat;\n--wpforms-background-size: cover;\n--wpforms-background-width: 100px;\n--wpforms-background-height: 100px;\n--wpforms-background-color: rgba( 0, 0, 0, 0 );\n--wpforms-background-url: none;\n--wpforms-container-padding: 0px;\n--wpforms-container-border-style: none;\n--wpforms-container-border-width: 1px;\n--wpforms-container-border-color: #000000;\n--wpforms-container-border-radius: 3px;\n--wpforms-field-size-input-height: 43px;\n--wpforms-field-size-input-spacing: 15px;\n--wpforms-field-size-font-size: 16px;\n--wpforms-field-size-line-height: 19px;\n--wpforms-field-size-padding-h: 14px;\n--wpforms-field-size-checkbox-size: 16px;\n--wpforms-field-size-sublabel-spacing: 5px;\n--wpforms-field-size-icon-size: 1;\n--wpforms-label-size-font-size: 16px;\n--wpforms-label-size-line-height: 19px;\n--wpforms-label-size-sublabel-font-size: 14px;\n--wpforms-label-size-sublabel-line-height: 17px;\n--wpforms-button-size-font-size: 17px;\n--wpforms-button-size-height: 41px;\n--wpforms-button-size-padding-h: 15px;\n--wpforms-button-size-margin-top: 10px;\n--wpforms-container-shadow-size-box-shadow: none;\n\n\t\t\t\t}\n\t\t\t<\/style><style id=\"wpforms-css-vars-169-block-19f23bc0-e7fd-4a77-94a8-df33bd2f2743\">\n\t\t\t\t#wpforms-169.wpforms-block-19f23bc0-e7fd-4a77-94a8-df33bd2f2743 {\n\t\t\t\t\t--wpforms-label-color: #ffffff;\n--wpforms-label-sublabel-color: var(--ast-global-color-8);\n--wpforms-field-border-style: none;\n--wpforms-field-text-color: var(--ast-global-color-8);\n--wpforms-container-padding: 1px;\n--wpforms-container-border-radius: ;\n--wpforms-button-background-color: #fcb900;\n--wpforms-field-border-size: 0px;\n--wpforms-field-size-input-height: 31px;\n--wpforms-field-size-input-spacing: 10px;\n--wpforms-field-size-font-size: 14px;\n--wpforms-field-size-line-height: 17px;\n--wpforms-field-size-padding-h: 9px;\n--wpforms-field-size-checkbox-size: 14px;\n--wpforms-field-size-sublabel-spacing: 5px;\n--wpforms-field-size-icon-size: 0.75;\n--wpforms-label-size-font-size: 14px;\n--wpforms-label-size-line-height: 17px;\n--wpforms-label-size-sublabel-font-size: 13px;\n--wpforms-label-size-sublabel-line-height: 16px;\n--wpforms-button-size-font-size: 14px;\n--wpforms-button-size-height: 37px;\n--wpforms-button-size-padding-h: 15px;\n--wpforms-button-size-margin-top: 5px;\n--wpforms-container-shadow-size-box-shadow: none;\n\n\t\t\t\t}\n\t\t\t<\/style><div class=\"wpforms-container wpforms-container-full wpforms-block wpforms-block-19f23bc0-e7fd-4a77-94a8-df33bd2f2743 wpforms-render-modern\" id=\"wpforms-169\"><form id=\"wpforms-form-169\" class=\"wpforms-validate wpforms-form wpforms-ajax-form\" data-formid=\"169\" method=\"post\" enctype=\"multipart\/form-data\" action=\"\/index.php\/wp-json\/wp\/v2\/pages\/8\" data-token=\"2896bafb4d572e90a4abe846ffc8e176\" data-token-time=\"1777553580\"><div class=\"wpforms-head-container\"><div class=\"wpforms-title\">Contacto<\/div><\/div><noscript class=\"wpforms-error-noscript\">Please enable JavaScript in your browser to complete this form.<\/noscript><div class=\"wpforms-hidden\" id=\"wpforms-error-noscript\">Please enable JavaScript in your browser to complete this form.<\/div><div class=\"wpforms-field-container\"><div id=\"wpforms-169-field_0-container\" class=\"wpforms-field wpforms-field-name\" data-field-id=\"0\"><label class=\"wpforms-field-label\" for=\"wpforms-169-field_0\">Nome <span class=\"wpforms-required-label\" aria-hidden=\"true\">*<\/span><\/label><input type=\"text\" id=\"wpforms-169-field_0\" class=\"wpforms-field-medium wpforms-field-required\" name=\"wpforms[fields][0]\" aria-errormessage=\"wpforms-169-field_0-error\" required><\/div><div id=\"wpforms-169-field_1-container\" class=\"wpforms-field wpforms-field-email\" data-field-id=\"1\"><label class=\"wpforms-field-label\" for=\"wpforms-169-field_1\">Email <span class=\"wpforms-required-label\" aria-hidden=\"true\">*<\/span><\/label><input type=\"email\" id=\"wpforms-169-field_1\" class=\"wpforms-field-medium wpforms-field-required\" name=\"wpforms[fields][1]\" spellcheck=\"false\" aria-errormessage=\"wpforms-169-field_1-error\" required><\/div><div id=\"wpforms-169-field_2-container\" class=\"wpforms-field wpforms-field-textarea\" data-field-id=\"2\"><label class=\"wpforms-field-label\" for=\"wpforms-169-field_2\">Escreva a sua mensagem <span class=\"wpforms-required-label\" aria-hidden=\"true\">*<\/span><\/label><textarea id=\"wpforms-169-field_2\" class=\"wpforms-field-small wpforms-field-required\" name=\"wpforms[fields][2]\" aria-errormessage=\"wpforms-169-field_2-error\" required><\/textarea><\/div><\/div><!-- .wpforms-field-container --><div class=\"wpforms-recaptcha-container wpforms-is-recaptcha wpforms-is-recaptcha-type-invisible\" ><div class=\"g-recaptcha\" data-sitekey=\"6LeeZCMqAAAAAN_vp1BqZSSXos0Fm-gupr6THbF1\" data-size=\"invisible\"><\/div><\/div><div class=\"wpforms-submit-container\" ><input type=\"hidden\" name=\"wpforms[id]\" value=\"169\"><input type=\"hidden\" name=\"page_title\" value=\"\"><input type=\"hidden\" name=\"page_url\" value=\"https:\/\/led.espinhalnovo.org\/index.php\/wp-json\/wp\/v2\/pages\/8\"><button type=\"submit\" name=\"wpforms[submit]\" id=\"wpforms-submit-169\" class=\"wpforms-submit\" data-alt-text=\"A enviar...\" data-submit-text=\"Submeter\" aria-live=\"assertive\" value=\"wpforms-submit\">Submeter<\/button><img loading=\"lazy\" decoding=\"async\" src=\"https:\/\/led.espinhalnovo.org\/wp-content\/plugins\/wpforms\/assets\/images\/submit-spin.svg\" class=\"wpforms-submit-spinner\" style=\"display: none;\" width=\"26\" height=\"26\" alt=\"Loading\"><\/div><\/form><\/div>  <!-- .wpforms-container --><\/div>\n\n\n\n<div class=\"wp-block-column is-layout-flow wp-block-column-is-layout-flow\" style=\"flex-basis:33.33%\">\n<figure class=\"wp-block-image alignfull size-full has-custom-border is-style-rounded\"><img loading=\"lazy\" decoding=\"async\" width=\"390\" height=\"475\" src=\"https:\/\/led.espinhalnovo.org\/wp-content\/uploads\/2024\/08\/contact3.jpg\" alt=\"\" class=\"wp-image-368\" style=\"border-radius:10px;box-shadow:var(--wp--preset--shadow--deep)\" srcset=\"https:\/\/led.espinhalnovo.org\/wp-content\/uploads\/2024\/08\/contact3.jpg 390w, https:\/\/led.espinhalnovo.org\/wp-content\/uploads\/2024\/08\/contact3-246x300.jpg 246w\" sizes=\"auto, (max-width: 390px) 100vw, 390px\" \/><\/figure>\n<\/div>\n<\/div>\n","protected":false},"excerpt":{"rendered":"<p>Laborat\u00f3rio de Educa\u00e7\u00e3o Digital Os Laborat\u00f3rios de Educa\u00e7\u00e3o Digital (LED), instalados na ESPN, est\u00e3o dotados de equipamentos especializados que visam [&hellip;]<\/p>\n","protected":false},"author":1,"featured_media":0,"parent":0,"menu_order":0,"comment_status":"closed","ping_status":"closed","template":"","meta":{"site-sidebar-layout":"default","site-content-layout":"plain-container","ast-site-content-layout":"full-width-container","site-content-style":"unboxed","site-sidebar-style":"default","ast-global-header-display":"","ast-banner-title-visibility":"","ast-main-header-display":"","ast-hfb-above-header-display":"","ast-hfb-below-header-display":"","ast-hfb-mobile-header-display":"","site-post-title":"disabled","ast-breadcrumbs-content":"","ast-featured-img":"","footer-sml-layout":"","ast-disable-related-posts":"","theme-transparent-header-meta":"enabled","adv-header-id-meta":"","stick-header-meta":"","header-above-stick-meta":"","header-main-stick-meta":"","header-below-stick-meta":"","astra-migrate-meta-layouts":"default","ast-page-background-enabled":"default","ast-page-background-meta":{"desktop":{"background-color":"var(--ast-global-color-4)","background-image":"","background-repeat":"repeat","background-position":"center center","background-size":"auto","background-attachment":"scroll","background-type":"","background-media":"","overlay-type":"","overlay-color":"","overlay-opacity":"","overlay-gradient":""},"tablet":{"background-color":"","background-image":"","background-repeat":"repeat","background-position":"center center","background-size":"auto","background-attachment":"scroll","background-type":"","background-media":"","overlay-type":"","overlay-color":"","overlay-opacity":"","overlay-gradient":""},"mobile":{"background-color":"","background-image":"","background-repeat":"repeat","background-position":"center center","background-size":"auto","background-attachment":"scroll","background-type":"","background-media":"","overlay-type":"","overlay-color":"","overlay-opacity":"","overlay-gradient":""}},"ast-content-background-meta":{"desktop":{"background-color":"var(--ast-global-color-5)","background-image":"","background-repeat":"repeat","background-position":"center center","background-size":"auto","background-attachment":"scroll","background-type":"","background-media":"","overlay-type":"","overlay-color":"","overlay-opacity":"","overlay-gradient":""},"tablet":{"background-color":"var(--ast-global-color-5)","background-image":"","background-repeat":"repeat","background-position":"center center","background-size":"auto","background-attachment":"scroll","background-type":"","background-media":"","overlay-type":"","overlay-color":"","overlay-opacity":"","overlay-gradient":""},"mobile":{"background-color":"var(--ast-global-color-5)","background-image":"","background-repeat":"repeat","background-position":"center center","background-size":"auto","background-attachment":"scroll","background-type":"","background-media":"","overlay-type":"","overlay-color":"","overlay-opacity":"","overlay-gradient":""}},"footnotes":""},"class_list":["post-8","page","type-page","status-publish","hentry"],"_links":{"self":[{"href":"https:\/\/led.espinhalnovo.org\/index.php\/wp-json\/wp\/v2\/pages\/8","targetHints":{"allow":["GET"]}}],"collection":[{"href":"https:\/\/led.espinhalnovo.org\/index.php\/wp-json\/wp\/v2\/pages"}],"about":[{"href":"https:\/\/led.espinhalnovo.org\/index.php\/wp-json\/wp\/v2\/types\/page"}],"author":[{"embeddable":true,"href":"https:\/\/led.espinhalnovo.org\/index.php\/wp-json\/wp\/v2\/users\/1"}],"replies":[{"embeddable":true,"href":"https:\/\/led.espinhalnovo.org\/index.php\/wp-json\/wp\/v2\/comments?post=8"}],"version-history":[{"count":5,"href":"https:\/\/led.espinhalnovo.org\/index.php\/wp-json\/wp\/v2\/pages\/8\/revisions"}],"predecessor-version":[{"id":1080,"href":"https:\/\/led.espinhalnovo.org\/index.php\/wp-json\/wp\/v2\/pages\/8\/revisions\/1080"}],"wp:attachment":[{"href":"https:\/\/led.espinhalnovo.org\/index.php\/wp-json\/wp\/v2\/media?parent=8"}],"curies":[{"name":"wp","href":"https:\/\/api.w.org\/{rel}","templated":true}]}}